{"id":2182,"date":"2026-01-10T10:19:29","date_gmt":"2026-01-10T09:19:29","guid":{"rendered":"https:\/\/ake-metzingen.info\/?page_id=2182"},"modified":"2026-01-10T10:19:29","modified_gmt":"2026-01-10T09:19:29","slug":"ueber-uns","status":"publish","type":"page","link":"https:\/\/ake-metzingen.info\/?page_id=2182","title":{"rendered":"\u00dcber uns"},"content":{"rendered":"\n<h2 class=\"wp-block-heading has-text-align-center has-text-color\" style=\"color:#0000ff;font-size:30px\">Wer wir sind und wof\u00fcr wir stehen<\/h2>\n\n\n\n<div class=\"wp-block-columns is-layout-flex wp-container-core-columns-is-layout-9d6595d7 wp-block-columns-is-layout-flex\">\n<div class=\"wp-block-column is-layout-flow wp-block-column-is-layout-flow\" style=\"flex-basis:33%\">\n<figure class=\"wp-block-image size-full is-resized\"><a href=\"https:\/\/ake-metzingen.info\/wp-content\/uploads\/2014\/10\/ake_cmyk50.jpg\"><img loading=\"lazy\" decoding=\"async\" width=\"532\" height=\"316\" src=\"https:\/\/ake-metzingen.info\/wp-content\/uploads\/2014\/10\/ake_cmyk50.jpg\" alt=\"AKE-Logo\" class=\"wp-image-264\" style=\"width:232px\" srcset=\"https:\/\/ake-metzingen.info\/wp-content\/uploads\/2014\/10\/ake_cmyk50.jpg 532w, https:\/\/ake-metzingen.info\/wp-content\/uploads\/2014\/10\/ake_cmyk50-300x178.jpg 300w\" sizes=\"auto, (max-width: 532px) 100vw, 532px\" \/><\/a><\/figure>\n<\/div>\n\n\n\n<div class=\"wp-block-column is-layout-flow wp-block-column-is-layout-flow\" style=\"flex-basis:67%\">\n<p style=\"font-size:20px\">Der <strong>Arbeitskreis Klima und Energie Metzingen (AKE Metzingen<\/strong>) besteht seit 1993 und setzt sich \u00fcberparteilich f\u00fcr eine zukunftsf\u00e4hige, nachhaltige Energiepolitik und den Klimaschutz in Metzingen ein.<\/p>\n<\/div>\n<\/div>\n\n\n\n<div class=\"wp-block-columns is-layout-flex wp-container-core-columns-is-layout-9d6595d7 wp-block-columns-is-layout-flex\">\n<div class=\"wp-block-column is-layout-flow wp-block-column-is-layout-flow\" style=\"flex-basis:33%\">\n<figure class=\"wp-block-image size-full\"><a href=\"https:\/\/ake-metzingen.info\/wp-content\/uploads\/2023\/11\/2023-11-09_WEA.jpg\"><img loading=\"lazy\" decoding=\"async\" width=\"227\" height=\"213\" src=\"https:\/\/ake-metzingen.info\/wp-content\/uploads\/2023\/11\/2023-11-09_WEA.jpg\" alt=\"Windenergieanlage\" class=\"wp-image-1378\" style=\"object-fit:cover\"\/><\/a><\/figure>\n\n\n\n<p style=\"font-size:16px\"><em><sup>Bild: Windenergieanlage der Energiegenossenschaft Ingersheim Kr. Ludwigsburg (Foto:AKE)<\/sup><\/em><\/p>\n<\/div>\n\n\n\n<div class=\"wp-block-column is-layout-flow wp-block-column-is-layout-flow\" style=\"flex-basis:67%\">\n<p style=\"font-size:20px\">Ziel des AKE ist es, Metzingen auf dem Weg zur Klimaneutralit\u00e4t aktiv zu unterst\u00fctzen. Damit wird Metzingen fit f\u00fcr die Zukunft gemacht.<\/p>\n\n\n\n<p class=\"has-black-color has-text-color has-link-color wp-elements-279ae55b425ba23bc793128a4cf381d0\" style=\"font-size:20px\"><mark style=\"background-color:rgba(0, 0, 0, 0)\" class=\"has-inline-color has-vivid-red-color\">Wer mitmachen m\u00f6chte<\/mark>, nimmt \u00fcber die Mailadresse <a href=\"mailto:info@ake-metzingen.info\"><mark style=\"background-color:rgba(0, 0, 0, 0);color:#075ce3\" class=\"has-inline-color\">info@ake-metzingen.info<\/mark><\/a> Kontakt auf. Wir melden uns dann kurzfristig. Und keine Angst: man muss nicht &#8222;Vollprofi&#8220; sein, um mitmachen zu k\u00f6nnen.<\/p>\n<\/div>\n<\/div>\n\n\n\n<div class=\"wp-block-columns is-layout-flex wp-container-core-columns-is-layout-9d6595d7 wp-block-columns-is-layout-flex\">\n<div class=\"wp-block-column is-layout-flow wp-block-column-is-layout-flow\" style=\"flex-basis:33%\">\n<figure class=\"wp-block-image size-full\"><a href=\"https:\/\/ake-metzingen.info\/wp-content\/uploads\/2023\/11\/2023-11-09_Waerme.jpg\"><img loading=\"lazy\" decoding=\"async\" width=\"227\" height=\"213\" src=\"https:\/\/ake-metzingen.info\/wp-content\/uploads\/2023\/11\/2023-11-09_Waerme.jpg\" alt=\"W\u00e4rmenetz\" class=\"wp-image-1377\" style=\"object-fit:cover\"\/><\/a><\/figure>\n\n\n\n<p style=\"font-size:16px\"><em><sup>Bild: Leitungen des W\u00e4rmenetzes im Gewerbegebiet Braike, Metzingen (Foto: AKE)<\/sup><\/em><\/p>\n<\/div>\n\n\n\n<div class=\"wp-block-column is-layout-flow wp-block-column-is-layout-flow\" style=\"flex-basis:67%\">\n<p style=\"font-size:20px\">Einerseits wollen wir die B\u00fcrgerschaft aktivieren und motivieren, auf diesem Weg mitzuwirken. Wir wollen die B\u00fcrgerinnen und B\u00fcrger auch mit Informationen versorgen, damit sie m\u00f6gliche private Projekte (Photovoltaik, Heizung) planen k\u00f6nnen.<\/p>\n\n\n\n<p style=\"font-size:20px\">Andererseits will der AKE die Stadt konstruktiv, pragmatisch und bei Bedarf auch kritisch begleiten, um optimale L\u00f6sungen zu erreichen. Derzeit stehen dabei die Themen Ganzjahresbad &#8211; hier insbesondere das Energiekonzept -, Freifl\u00e4chenphotovoltaik und die st\u00e4dtische W\u00e4rmeplanung im Fokus.&nbsp;<\/p>\n<\/div>\n<\/div>\n\n\n\n<div class=\"wp-block-columns is-layout-flex wp-container-core-columns-is-layout-9d6595d7 wp-block-columns-is-layout-flex\">\n<div class=\"wp-block-column is-layout-flow wp-block-column-is-layout-flow\" style=\"flex-basis:33%\">\n<figure class=\"wp-block-image size-full\"><a href=\"https:\/\/ake-metzingen.info\/wp-content\/uploads\/2023\/11\/2023-11-09_Zug.jpg\"><img loading=\"lazy\" decoding=\"async\" width=\"227\" height=\"179\" src=\"https:\/\/ake-metzingen.info\/wp-content\/uploads\/2023\/11\/2023-11-09_Zug.jpg\" alt=\"\u00d6PNV\" class=\"wp-image-1376\" style=\"object-fit:cover\"\/><\/a><\/figure>\n\n\n\n<p style=\"font-size:16px;font-style:normal;font-weight:400\"><em><font-size:12px><sup>Bild: RB 63 auf der Fahrt von Metzingen nach Bad Urach im Januar 2023 (Foto:AKE)<\/sup><\/font-size:12px><\/em><\/p>\n<\/div>\n\n\n\n<div class=\"wp-block-column is-layout-flow wp-block-column-is-layout-flow\" style=\"flex-basis:67%\">\n<p style=\"font-size:20px\">Der AKE engagiert sich auch beim Thema  &#8222;Mobilit\u00e4t in der Stadt&#8220;. Da etwa ein Drittel des Energieverbrauchs in der Stadt auf den Verkehrssektor entf\u00e4llt, h\u00e4ngt dieser Bereich eng mit der Erzeugung und Speicherung regenerativer Energie zusammen.&nbsp;<\/p>\n\n\n\n<p style=\"font-size:20px\">Deshalb sind auch Fragen des Mobilit\u00e4tskonzepts Teil der T\u00e4tigkeiten des AKE.<\/p>\n<\/div>\n<\/div>\n\n\n\n<hr class=\"wp-block-separator has-text-color has-alpha-channel-opacity has-background is-style-wide\" style=\"background-color:#0000ff;color:#0000ff\"\/>\n","protected":false},"excerpt":{"rendered":"<p>Wer wir sind und wof\u00fcr wir stehen Der Arbeitskreis Klima und Energie Metzingen (AKE Metzingen) besteht seit 1993 und setzt sich \u00fcberparteilich f\u00fcr eine zukunftsf\u00e4hige, nachhaltige Energiepolitik und den Klimaschutz in Metzingen ein. Bild: Windenergieanlage der Energiegenossenschaft Ingersheim Kr. Ludwigsburg (Foto:AKE) Ziel des AKE ist es, Metzingen auf dem Weg zur Klimaneutralit\u00e4t aktiv zu unterst\u00fctzen. [&hellip;]<\/p>\n","protected":false},"author":1,"featured_media":0,"parent":0,"menu_order":0,"comment_status":"closed","ping_status":"closed","template":"","meta":{"footnotes":""},"class_list":["post-2182","page","type-page","status-publish","hentry","post"],"_links":{"self":[{"href":"https:\/\/ake-metzingen.info\/index.php?rest_route=\/wp\/v2\/pages\/2182","targetHints":{"allow":["GET"]}}],"collection":[{"href":"https:\/\/ake-metzingen.info\/index.php?rest_route=\/wp\/v2\/pages"}],"about":[{"href":"https:\/\/ake-metzingen.info\/index.php?rest_route=\/wp\/v2\/types\/page"}],"author":[{"embeddable":true,"href":"https:\/\/ake-metzingen.info\/index.php?rest_route=\/wp\/v2\/users\/1"}],"replies":[{"embeddable":true,"href":"https:\/\/ake-metzingen.info\/index.php?rest_route=%2Fwp%2Fv2%2Fcomments&post=2182"}],"version-history":[{"count":2,"href":"https:\/\/ake-metzingen.info\/index.php?rest_route=\/wp\/v2\/pages\/2182\/revisions"}],"predecessor-version":[{"id":2184,"href":"https:\/\/ake-metzingen.info\/index.php?rest_route=\/wp\/v2\/pages\/2182\/revisions\/2184"}],"wp:attachment":[{"href":"https:\/\/ake-metzingen.info\/index.php?rest_route=%2Fwp%2Fv2%2Fmedia&parent=2182"}],"curies":[{"name":"wp","href":"https:\/\/api.w.org\/{rel}","templated":true}]}}