{"id":1730,"date":"2024-04-17T09:07:43","date_gmt":"2024-04-17T07:07:43","guid":{"rendered":"https:\/\/ake-metzingen.info\/?page_id=1730"},"modified":"2024-04-19T13:22:17","modified_gmt":"2024-04-19T11:22:17","slug":"erfahrungsaustausch-waermepumpe","status":"publish","type":"page","link":"https:\/\/ake-metzingen.info\/?page_id=1730","title":{"rendered":"Erfahrungsaustausch W\u00e4rmepumpe"},"content":{"rendered":"\n<div class=\"wp-block-columns is-layout-flex wp-container-core-columns-is-layout-9d6595d7 wp-block-columns-is-layout-flex\">\n<div class=\"wp-block-column is-layout-flow wp-block-column-is-layout-flow\" style=\"flex-basis:66.66%\">\n<p>Am 16.04.2024 trafen sich Interessierte und W\u00e4rmepumpenbesitzer im Kulturforum Metzingen zum Erfahrungsaustausch.<br>Nach einer kurzen Einf\u00fchrung in die Grundlagen durch den Energieberater Klaus Rath (<a href=\"https:\/\/ake-metzingen.info\/wp-content\/uploads\/2024\/03\/2024-02-20_Waermepumpe_KR.pdf\" data-type=\"link\" data-id=\"https:\/\/ake-metzingen.info\/wp-content\/uploads\/2024\/03\/2024-02-20_Waermepumpe_KR.pdf\">zur gesamten Pr\u00e4sentation \u27a4<\/a>) gaben die W\u00e4rmepumpenbesitzer Einblicke in Beweggr\u00fcnde f\u00fcr ihre Entscheidung und in die Erfahrungen, die sie damit gemacht hatten.<\/p>\n<\/div>\n\n\n\n<div class=\"wp-block-column is-layout-flow wp-block-column-is-layout-flow\" style=\"flex-basis:33.33%\">\n<figure class=\"wp-block-image size-large\"><a href=\"https:\/\/ake-metzingen.info\/wp-content\/uploads\/2024\/04\/IMG_1667-scaled.jpeg\"><img loading=\"lazy\" decoding=\"async\" width=\"1024\" height=\"576\" src=\"https:\/\/ake-metzingen.info\/wp-content\/uploads\/2024\/04\/IMG_1667-1024x576.jpeg\" alt=\"\" class=\"wp-image-1731\" srcset=\"https:\/\/ake-metzingen.info\/wp-content\/uploads\/2024\/04\/IMG_1667-1024x576.jpeg 1024w, https:\/\/ake-metzingen.info\/wp-content\/uploads\/2024\/04\/IMG_1667-300x169.jpeg 300w, https:\/\/ake-metzingen.info\/wp-content\/uploads\/2024\/04\/IMG_1667-768x432.jpeg 768w, https:\/\/ake-metzingen.info\/wp-content\/uploads\/2024\/04\/IMG_1667-1536x864.jpeg 1536w, https:\/\/ake-metzingen.info\/wp-content\/uploads\/2024\/04\/IMG_1667-2048x1152.jpeg 2048w\" sizes=\"auto, (max-width: 1024px) 100vw, 1024px\" \/><\/a><\/figure>\n<\/div>\n<\/div>\n\n\n\n<div class=\"wp-block-columns is-layout-flex wp-container-core-columns-is-layout-9d6595d7 wp-block-columns-is-layout-flex\">\n<div class=\"wp-block-column is-layout-flow wp-block-column-is-layout-flow\" style=\"flex-basis:33.33%\"><div class=\"wp-block-image\">\n<figure class=\"aligncenter size-medium\"><a href=\"https:\/\/ake-metzingen.info\/wp-content\/uploads\/2024\/04\/IMG_1668-scaled.jpeg\"><img loading=\"lazy\" decoding=\"async\" width=\"169\" height=\"300\" src=\"https:\/\/ake-metzingen.info\/wp-content\/uploads\/2024\/04\/IMG_1668-169x300.jpeg\" alt=\"\" class=\"wp-image-1733\" srcset=\"https:\/\/ake-metzingen.info\/wp-content\/uploads\/2024\/04\/IMG_1668-169x300.jpeg 169w, https:\/\/ake-metzingen.info\/wp-content\/uploads\/2024\/04\/IMG_1668-576x1024.jpeg 576w, https:\/\/ake-metzingen.info\/wp-content\/uploads\/2024\/04\/IMG_1668-768x1365.jpeg 768w, https:\/\/ake-metzingen.info\/wp-content\/uploads\/2024\/04\/IMG_1668-864x1536.jpeg 864w, https:\/\/ake-metzingen.info\/wp-content\/uploads\/2024\/04\/IMG_1668-1152x2048.jpeg 1152w, https:\/\/ake-metzingen.info\/wp-content\/uploads\/2024\/04\/IMG_1668-scaled.jpeg 1440w\" sizes=\"auto, (max-width: 169px) 100vw, 169px\" \/><\/a><\/figure>\n<\/div><\/div>\n\n\n\n<div class=\"wp-block-column is-layout-flow wp-block-column-is-layout-flow\" style=\"flex-basis:66.66%\">\n<p>Teilweise hatten die W\u00e4rmepumpenbesitzer sich die M\u00fche gemacht, ihre Erfahrungen in aufw\u00e4ndigen Pr\u00e4sentationen darzustellen, andere hatten Stichwortlisten dabei, mit denen sie die ihrigen den Interessierten nahebrachten.<\/p>\n\n\n\n<p>Die Pr\u00e4sentationen k\u00f6nnen aufgerufen werden:<br>\u2794 Erdw\u00e4rmepumpe <a href=\"https:\/\/ake-metzingen.info\/wp-content\/uploads\/2024\/04\/2024-04-16_WP_Dreisbach.pdf\" data-type=\"link\" data-id=\"https:\/\/ake-metzingen.info\/wp-content\/uploads\/2024\/04\/2024-04-16_WP_Dreisbach.pdf\">&#8222;Dreisbach&#8220; \u27a4<\/a><br>\u2794 Erdw\u00e4rmepumpe <a href=\"https:\/\/ake-metzingen.info\/wp-content\/uploads\/2024\/04\/2024-04-16_WernerErdwaerme.pdf\" data-type=\"link\" data-id=\"https:\/\/ake-metzingen.info\/wp-content\/uploads\/2024\/04\/2024-04-16_WernerErdwaerme.pdf\">&#8222;Werner&#8220; \u27a4<\/a><br>\u2794 Luft-Wasser-W\u00e4rmepumpe <a href=\"https:\/\/ake-metzingen.info\/wp-content\/uploads\/2024\/04\/2024-04-16_Erfahrung_Friedrich_WP.pdf\" data-type=\"link\" data-id=\"https:\/\/ake-metzingen.info\/wp-content\/uploads\/2024\/04\/2024-04-16_Erfahrung_Friedrich_WP.pdf\">&#8222;Friedrich&#8220; \u27a4<\/a><br>\u2794 Hybridheizung W\u00e4rmepumpe\/\u00d6l <a href=\"https:\/\/ake-metzingen.info\/wp-content\/uploads\/2024\/04\/2024-04-16_Erfahrung_Scheu_WP.pdf\" data-type=\"link\" data-id=\"https:\/\/ake-metzingen.info\/wp-content\/uploads\/2024\/04\/2024-04-16_Erfahrung_Scheu_WP.pdf\">&#8222;Scheu&#8220; \u27a4<\/a><\/p>\n<\/div>\n<\/div>\n\n\n\n<div class=\"wp-block-columns is-layout-flex wp-container-core-columns-is-layout-9d6595d7 wp-block-columns-is-layout-flex\">\n<div class=\"wp-block-column is-layout-flow wp-block-column-is-layout-flow\" style=\"flex-basis:66.66%\">\n<p>Nach der Pr\u00e4sentation der Erfahrungsberichte wurde der Raum schnell umgebaut, so dass sich W\u00e4rmepumpenbesitzer und Interessierte in kleineren Gruppen an Stehtischen noch zu speziellen Themen austauschen konnten.<\/p>\n\n\n\n<p>Au\u00dferdem war es m\u00f6glich, fachliche Gespr\u00e4che mit den Vertretern der Firmen Kaltmaier und 1Komma5\u00b0 (ehemals Ruoff Solar) zu f\u00fchren, die dazu ebenfalls Stehtische eingerichtet hatten.<\/p>\n<\/div>\n\n\n\n<div class=\"wp-block-column is-layout-flow wp-block-column-is-layout-flow\" style=\"flex-basis:33.33%\">\n<figure class=\"wp-block-image size-large\"><a href=\"https:\/\/ake-metzingen.info\/wp-content\/uploads\/2024\/04\/IMG_1671-scaled.jpeg\"><img loading=\"lazy\" decoding=\"async\" width=\"1024\" height=\"576\" src=\"https:\/\/ake-metzingen.info\/wp-content\/uploads\/2024\/04\/IMG_1671-1024x576.jpeg\" alt=\"\" class=\"wp-image-1738\" srcset=\"https:\/\/ake-metzingen.info\/wp-content\/uploads\/2024\/04\/IMG_1671-1024x576.jpeg 1024w, https:\/\/ake-metzingen.info\/wp-content\/uploads\/2024\/04\/IMG_1671-300x169.jpeg 300w, https:\/\/ake-metzingen.info\/wp-content\/uploads\/2024\/04\/IMG_1671-768x432.jpeg 768w, https:\/\/ake-metzingen.info\/wp-content\/uploads\/2024\/04\/IMG_1671-1536x864.jpeg 1536w, https:\/\/ake-metzingen.info\/wp-content\/uploads\/2024\/04\/IMG_1671-2048x1152.jpeg 2048w\" sizes=\"auto, (max-width: 1024px) 100vw, 1024px\" \/><\/a><\/figure>\n<\/div>\n<\/div>\n","protected":false},"excerpt":{"rendered":"<p>Am 16.04.2024 trafen sich Interessierte und W\u00e4rmepumpenbesitzer im Kulturforum Metzingen zum Erfahrungsaustausch.Nach einer kurzen Einf\u00fchrung in die Grundlagen durch den Energieberater Klaus Rath (zur gesamten Pr\u00e4sentation \u27a4) gaben die W\u00e4rmepumpenbesitzer Einblicke in Beweggr\u00fcnde f\u00fcr ihre Entscheidung und in die Erfahrungen, die sie damit gemacht hatten. Teilweise hatten die W\u00e4rmepumpenbesitzer sich die M\u00fche gemacht, ihre Erfahrungen [&hellip;]<\/p>\n","protected":false},"author":1,"featured_media":0,"parent":0,"menu_order":0,"comment_status":"closed","ping_status":"closed","template":"","meta":{"footnotes":""},"class_list":["post-1730","page","type-page","status-publish","hentry","post"],"_links":{"self":[{"href":"https:\/\/ake-metzingen.info\/index.php?rest_route=\/wp\/v2\/pages\/1730","targetHints":{"allow":["GET"]}}],"collection":[{"href":"https:\/\/ake-metzingen.info\/index.php?rest_route=\/wp\/v2\/pages"}],"about":[{"href":"https:\/\/ake-metzingen.info\/index.php?rest_route=\/wp\/v2\/types\/page"}],"author":[{"embeddable":true,"href":"https:\/\/ake-metzingen.info\/index.php?rest_route=\/wp\/v2\/users\/1"}],"replies":[{"embeddable":true,"href":"https:\/\/ake-metzingen.info\/index.php?rest_route=%2Fwp%2Fv2%2Fcomments&post=1730"}],"version-history":[{"count":8,"href":"https:\/\/ake-metzingen.info\/index.php?rest_route=\/wp\/v2\/pages\/1730\/revisions"}],"predecessor-version":[{"id":1755,"href":"https:\/\/ake-metzingen.info\/index.php?rest_route=\/wp\/v2\/pages\/1730\/revisions\/1755"}],"wp:attachment":[{"href":"https:\/\/ake-metzingen.info\/index.php?rest_route=%2Fwp%2Fv2%2Fmedia&parent=1730"}],"curies":[{"name":"wp","href":"https:\/\/api.w.org\/{rel}","templated":true}]}}